{"id":200,"date":"2019-04-21T15:39:39","date_gmt":"2019-04-21T13:39:39","guid":{"rendered":"http:\/\/stevenrobin.fr\/?page_id=200"},"modified":"2019-07-12T19:54:51","modified_gmt":"2019-07-12T17:54:51","slug":"mentions-legales","status":"publish","type":"page","link":"https:\/\/stevenrobin.fr\/index.php\/mentions-legales\/","title":{"rendered":"Mentions l\u00e9gales"},"content":{"rendered":"\n<div class=\"is-layout-flex wp-container-3 wp-block-columns has-2-columns\">\n<div class=\"is-layout-flow wp-block-column\">\n<h3>L&rsquo;entreprise<\/h3>\n\n\n\n<hr class=\"wp-block-separator\"\/>\n\n\n\n<p><strong>Steven Robin<\/strong><\/p>\n\n\n\n<p>83140 SIX-FOURS LES PLAGES<br>T\u00e9l. +33 (0)6 65 50 82 96<br>Fax. NULL<\/p>\n\n\n\n<p><strong>SIRET : <\/strong><\/p>\n\n\n\n<p>843 845 330 00011<\/p>\n\n\n\n<p><strong>Repr\u00e9sentant l\u00e9gal :<\/strong><\/p>\n\n\n\n<p>Steven ROBIN<\/p>\n\n\n\n<h3>Loi informatique et libert\u00e9s<\/h3>\n\n\n\n<hr class=\"wp-block-separator\"\/>\n\n\n\n<p>En conformit\u00e9 avec la loi du 6 janvier 1978 n\u00b078-17, relative \u00e0 l\u2019informatique, aux fichiers et aux libert\u00e9s, le pr\u00e9sent site a fait l\u2019objet d\u2019une d\u00e9claration aupr\u00e8s de la Commission Nationale Informatique et Libert\u00e9s (CNIL).<br>\u00a0<br>Les informations enregistr\u00e9es sont r\u00e9serv\u00e9es \u00e0 l\u2019usage de\u00a0STEVEN ROBIN\u00a0et ne seront en aucun cas diffus\u00e9es \u00e0 des tiers.<br>\u00a0<br>Conform\u00e9ment aux articles 39 et suivants de la loi n\u00b078-17, tous les utilisateurs du site ayant saisi des donn\u00e9es \u00e0 caract\u00e8re personnel disposent d\u2019un droit d\u2019acc\u00e8s, de rectification, de modification, de suppression ou d\u2019opposition. Vous pouvez exercer ce droit \u00e0 tout moment par email \u00e0 contact@stevenrobin.fr<br><\/p>\n\n\n\n<h3>H\u00e9bergement du site<\/h3>\n\n\n\n<hr class=\"wp-block-separator\"\/>\n\n\n\n<p>OVH<\/p>\n\n\n\n<p>SAS au capital de 10 069 020 \u20ac<br>RCS Lille M\u00e9tropole 424 761 419 00045<br>Code APE 2620Z<br>N\u00b0 TVA : FR 22 424 761 419<br>Si\u00e8ge social : 2 rue Kellermann &#8211; 59100 Roubaix &#8211; FranceDirecteur de la publication : Octave KLABAPr\u00e9sident : Henryk KLABADirecteur g\u00e9n\u00e9ral : Miroslaw KLABADirecteur g\u00e9n\u00e9ral d\u00e9l\u00e9gu\u00e9 : Octave KLABADirecteur g\u00e9n\u00e9ral d\u00e9l\u00e9gu\u00e9 : Halina KLABA<\/p>\n<\/div>\n\n\n\n<div class=\"is-layout-flow wp-block-column\">\n<h3>Contenu du site<\/h3>\n\n\n\n<hr class=\"wp-block-separator\"\/>\n\n\n\n<p>Les informations contenues sur le site&nbsp;<a href=\"https:\/\/www.stevenrobin.fr\">www.stevenrobin.fr<\/a>&nbsp;ont un caract\u00e8re strictement informatif, cette soci\u00e9t\u00e9 se r\u00e9serve le droit d\u2019en modifier le contenu.<\/p>\n\n\n\n<p>Le contenu du site (textes, images, sons, graphismes, documents t\u00e9l\u00e9chargeables&#8230;) sont la propri\u00e9t\u00e9 exclusive de&nbsp;<strong>STEVEN ROBIN<\/strong>. Le contenu des actualit\u00e9s est non contractuel et fourni \u00e0 titre informatif.<br>&nbsp;<\/p>\n\n\n\n<p>L\u2019ensemble de ce site rel\u00e8ve de la l\u00e9gislation fran\u00e7aise et internationale sur les droits d\u2019auteur et de la propri\u00e9t\u00e9 intellectuelle. Toute utilisation ou reproduction, totale ou partielle du site constitue une contrefa\u00e7on sanctionn\u00e9e par le Code de la propri\u00e9t\u00e9 intellectuelle.<\/p>\n\n\n\n<h3>Liens hypertextes<\/h3>\n\n\n\n<hr class=\"wp-block-separator\"\/>\n\n\n\n<p>Les liens hypertextes vers d\u2019autres sites ainsi que leurs contenus ne sauraient, en aucun cas engager la responsabilit\u00e9 de&nbsp;STEVEN ROBIN.<br>&nbsp;<\/p>\n\n\n\n<p>STEVEN ROBIN&nbsp;autorise d\u2019autres sites internet \u00e0 mettre en place un lien hypertexte pointant vers ses contenus. Cette autorisation est valable pour tout site, \u00e0 l\u2019exception de ceux diffusant des informations \u00e0 caract\u00e8re pol\u00e9mique, pornographique, x\u00e9nophobe ou susceptibles de porter atteinte \u00e0 la sensibilit\u00e9 du plus grand nombre.<\/p>\n<\/div>\n<\/div>\n","protected":false},"excerpt":{"rendered":"<p>L&rsquo;entreprise Steven Robin 83140 SIX-FOURS LES PLAGEST\u00e9l. +33 (0)6 65 50 82 96Fax. NULL SIRET : 843 845 330 00011 Repr\u00e9sentant l\u00e9gal : Steven ROBIN Loi informatique et libert\u00e9s En [&hellip;]<\/p>\n","protected":false},"author":1,"featured_media":98,"parent":0,"menu_order":0,"comment_status":"closed","ping_status":"closed","template":"page-fullwidth.php","meta":{"saved_in_kubio":false},"yoast_head":"<!-- This site is optimized with the Yoast SEO plugin v20.7 - https:\/\/yoast.com\/wordpress\/plugins\/seo\/ -->\n<title>Mentions l\u00e9gales &ndash; Steven Robin<\/title>\n<meta name=\"robots\" content=\"index, follow, max-snippet:-1, max-image-preview:large, max-video-preview:-1\" \/>\n<link rel=\"canonical\" href=\"https:\/\/stevenrobin.fr\/index.php\/mentions-legales\/\" \/>\n<meta property=\"og:locale\" content=\"fr_FR\" \/>\n<meta property=\"og:type\" content=\"article\" \/>\n<meta property=\"og:title\" content=\"Mentions l\u00e9gales &ndash; Steven Robin\" \/>\n<meta property=\"og:description\" content=\"L&rsquo;entreprise Steven Robin 83140 SIX-FOURS LES PLAGEST\u00e9l. +33 (0)6 65 50 82 96Fax. NULL SIRET : 843 845 330 00011 Repr\u00e9sentant l\u00e9gal : Steven ROBIN Loi informatique et libert\u00e9s En [&hellip;]\" \/>\n<meta property=\"og:url\" content=\"https:\/\/stevenrobin.fr\/index.php\/mentions-legales\/\" \/>\n<meta property=\"og:site_name\" content=\"Steven Robin\" \/>\n<meta property=\"article:modified_time\" content=\"2019-07-12T17:54:51+00:00\" \/>\n<meta property=\"og:image\" content=\"https:\/\/stevenrobin.fr\/wp-content\/uploads\/2019\/04\/wallpaper-eiixio.jpg\" \/>\n\t<meta property=\"og:image:width\" content=\"2560\" \/>\n\t<meta property=\"og:image:height\" content=\"1600\" \/>\n\t<meta property=\"og:image:type\" content=\"image\/jpeg\" \/>\n<meta name=\"twitter:card\" content=\"summary_large_image\" \/>\n<meta name=\"twitter:label1\" content=\"Dur\u00e9e de lecture estim\u00e9e\" \/>\n\t<meta name=\"twitter:data1\" content=\"2 minutes\" \/>\n<script type=\"application\/ld+json\" class=\"yoast-schema-graph\">{\"@context\":\"https:\/\/schema.org\",\"@graph\":[{\"@type\":\"WebPage\",\"@id\":\"https:\/\/stevenrobin.fr\/index.php\/mentions-legales\/\",\"url\":\"https:\/\/stevenrobin.fr\/index.php\/mentions-legales\/\",\"name\":\"Mentions l\u00e9gales &ndash; Steven Robin\",\"isPartOf\":{\"@id\":\"https:\/\/stevenrobin.fr\/#website\"},\"datePublished\":\"2019-04-21T13:39:39+00:00\",\"dateModified\":\"2019-07-12T17:54:51+00:00\",\"breadcrumb\":{\"@id\":\"https:\/\/stevenrobin.fr\/index.php\/mentions-legales\/#breadcrumb\"},\"inLanguage\":\"fr-FR\",\"potentialAction\":[{\"@type\":\"ReadAction\",\"target\":[\"https:\/\/stevenrobin.fr\/index.php\/mentions-legales\/\"]}]},{\"@type\":\"BreadcrumbList\",\"@id\":\"https:\/\/stevenrobin.fr\/index.php\/mentions-legales\/#breadcrumb\",\"itemListElement\":[{\"@type\":\"ListItem\",\"position\":1,\"name\":\"Accueil\",\"item\":\"https:\/\/stevenrobin.fr\/\"},{\"@type\":\"ListItem\",\"position\":2,\"name\":\"Mentions l\u00e9gales\"}]},{\"@type\":\"WebSite\",\"@id\":\"https:\/\/stevenrobin.fr\/#website\",\"url\":\"https:\/\/stevenrobin.fr\/\",\"name\":\"Steven Robin\",\"description\":\"R\u00e9alisateur freelance\",\"publisher\":{\"@id\":\"https:\/\/stevenrobin.fr\/#\/schema\/person\/623e6d93c287cad312674f3e097ddd3a\"},\"potentialAction\":[{\"@type\":\"SearchAction\",\"target\":{\"@type\":\"EntryPoint\",\"urlTemplate\":\"https:\/\/stevenrobin.fr\/?s={search_term_string}\"},\"query-input\":\"required name=search_term_string\"}],\"inLanguage\":\"fr-FR\"},{\"@type\":[\"Person\",\"Organization\"],\"@id\":\"https:\/\/stevenrobin.fr\/#\/schema\/person\/623e6d93c287cad312674f3e097ddd3a\",\"name\":\"eiixio\",\"image\":{\"@type\":\"ImageObject\",\"inLanguage\":\"fr-FR\",\"@id\":\"https:\/\/stevenrobin.fr\/#\/schema\/person\/image\/\",\"url\":\"https:\/\/secure.gravatar.com\/avatar\/b4409090378ce131415fdf2e814150fa?s=96&d=mm&r=g\",\"contentUrl\":\"https:\/\/secure.gravatar.com\/avatar\/b4409090378ce131415fdf2e814150fa?s=96&d=mm&r=g\",\"caption\":\"eiixio\"},\"logo\":{\"@id\":\"https:\/\/stevenrobin.fr\/#\/schema\/person\/image\/\"}}]}<\/script>\n<!-- \/ Yoast SEO plugin. -->","yoast_head_json":{"title":"Mentions l\u00e9gales &ndash; Steven Robin","robots":{"index":"index","follow":"follow","max-snippet":"max-snippet:-1","max-image-preview":"max-image-preview:large","max-video-preview":"max-video-preview:-1"},"canonical":"https:\/\/stevenrobin.fr\/index.php\/mentions-legales\/","og_locale":"fr_FR","og_type":"article","og_title":"Mentions l\u00e9gales &ndash; Steven Robin","og_description":"L&rsquo;entreprise Steven Robin 83140 SIX-FOURS LES PLAGEST\u00e9l. +33 (0)6 65 50 82 96Fax. NULL SIRET : 843 845 330 00011 Repr\u00e9sentant l\u00e9gal : Steven ROBIN Loi informatique et libert\u00e9s En [&hellip;]","og_url":"https:\/\/stevenrobin.fr\/index.php\/mentions-legales\/","og_site_name":"Steven Robin","article_modified_time":"2019-07-12T17:54:51+00:00","og_image":[{"width":2560,"height":1600,"url":"https:\/\/stevenrobin.fr\/wp-content\/uploads\/2019\/04\/wallpaper-eiixio.jpg","type":"image\/jpeg"}],"twitter_card":"summary_large_image","twitter_misc":{"Dur\u00e9e de lecture estim\u00e9e":"2 minutes"},"schema":{"@context":"https:\/\/schema.org","@graph":[{"@type":"WebPage","@id":"https:\/\/stevenrobin.fr\/index.php\/mentions-legales\/","url":"https:\/\/stevenrobin.fr\/index.php\/mentions-legales\/","name":"Mentions l\u00e9gales &ndash; Steven Robin","isPartOf":{"@id":"https:\/\/stevenrobin.fr\/#website"},"datePublished":"2019-04-21T13:39:39+00:00","dateModified":"2019-07-12T17:54:51+00:00","breadcrumb":{"@id":"https:\/\/stevenrobin.fr\/index.php\/mentions-legales\/#breadcrumb"},"inLanguage":"fr-FR","potentialAction":[{"@type":"ReadAction","target":["https:\/\/stevenrobin.fr\/index.php\/mentions-legales\/"]}]},{"@type":"BreadcrumbList","@id":"https:\/\/stevenrobin.fr\/index.php\/mentions-legales\/#breadcrumb","itemListElement":[{"@type":"ListItem","position":1,"name":"Accueil","item":"https:\/\/stevenrobin.fr\/"},{"@type":"ListItem","position":2,"name":"Mentions l\u00e9gales"}]},{"@type":"WebSite","@id":"https:\/\/stevenrobin.fr\/#website","url":"https:\/\/stevenrobin.fr\/","name":"Steven Robin","description":"R\u00e9alisateur freelance","publisher":{"@id":"https:\/\/stevenrobin.fr\/#\/schema\/person\/623e6d93c287cad312674f3e097ddd3a"},"potentialAction":[{"@type":"SearchAction","target":{"@type":"EntryPoint","urlTemplate":"https:\/\/stevenrobin.fr\/?s={search_term_string}"},"query-input":"required name=search_term_string"}],"inLanguage":"fr-FR"},{"@type":["Person","Organization"],"@id":"https:\/\/stevenrobin.fr\/#\/schema\/person\/623e6d93c287cad312674f3e097ddd3a","name":"eiixio","image":{"@type":"ImageObject","inLanguage":"fr-FR","@id":"https:\/\/stevenrobin.fr\/#\/schema\/person\/image\/","url":"https:\/\/secure.gravatar.com\/avatar\/b4409090378ce131415fdf2e814150fa?s=96&d=mm&r=g","contentUrl":"https:\/\/secure.gravatar.com\/avatar\/b4409090378ce131415fdf2e814150fa?s=96&d=mm&r=g","caption":"eiixio"},"logo":{"@id":"https:\/\/stevenrobin.fr\/#\/schema\/person\/image\/"}}]}},"_links":{"self":[{"href":"https:\/\/stevenrobin.fr\/index.php\/wp-json\/wp\/v2\/pages\/200"}],"collection":[{"href":"https:\/\/stevenrobin.fr\/index.php\/wp-json\/wp\/v2\/pages"}],"about":[{"href":"https:\/\/stevenrobin.fr\/index.php\/wp-json\/wp\/v2\/types\/page"}],"author":[{"embeddable":true,"href":"https:\/\/stevenrobin.fr\/index.php\/wp-json\/wp\/v2\/users\/1"}],"replies":[{"embeddable":true,"href":"https:\/\/stevenrobin.fr\/index.php\/wp-json\/wp\/v2\/comments?post=200"}],"version-history":[{"count":7,"href":"https:\/\/stevenrobin.fr\/index.php\/wp-json\/wp\/v2\/pages\/200\/revisions"}],"predecessor-version":[{"id":242,"href":"https:\/\/stevenrobin.fr\/index.php\/wp-json\/wp\/v2\/pages\/200\/revisions\/242"}],"wp:featuredmedia":[{"embeddable":true,"href":"https:\/\/stevenrobin.fr\/index.php\/wp-json\/wp\/v2\/media\/98"}],"wp:attachment":[{"href":"https:\/\/stevenrobin.fr\/index.php\/wp-json\/wp\/v2\/media?parent=200"}],"curies":[{"name":"wp","href":"https:\/\/api.w.org\/{rel}","templated":true}]}}