{"id":49,"date":"2019-04-07T00:42:01","date_gmt":"2019-04-06T22:42:01","guid":{"rendered":"http:\/\/stevenrobin.fr\/?page_id=49"},"modified":"2025-11-04T14:44:17","modified_gmt":"2025-11-04T13:44:17","slug":"accueil","status":"publish","type":"page","link":"https:\/\/stevenrobin.fr\/","title":{"rendered":"Accueil"},"content":{"rendered":"\n<h2>Steven robin : vid\u00e9aste r\u00e9alisateur en l&rsquo;audiovisuel dans le Var, \u00e0 Six-Fours.<\/h2>\n\n\n\n<p>Steven Robin. R\u00e9alisateur ind\u00e9pendant sur Six-Fours.<\/p>\n\n\n\n<p>Filmmaker Freelance vid\u00e9aste de Six-Fours les plages, j&rsquo;agis dans le var : comme dans les villes de Toulon, Sanary, La Seyne sur mer, Bandol, Ollioules, Le Castellet&#8230;. Mais je peux \u00e9galement me d\u00e9placer sur des villes dans PACA la r\u00e9gion Sud, anciennement Provence Alpes C\u00f4tes d&rsquo;Azur, comme Marseille ou Avignon ou Nice ou Monaco ou Cannes ou m\u00eame La Destrousse ou encore Aix en Provence. Je fais des vid\u00e9os, ce qu&rsquo;on appelle de l&rsquo;audiovisuel.<\/p>\n","protected":false},"excerpt":{"rendered":"<p>Steven robin : vid\u00e9aste r\u00e9alisateur en l&rsquo;audiovisuel dans le Var, \u00e0 Six-Fours. Steven Robin. R\u00e9alisateur ind\u00e9pendant sur Six-Fours. Filmmaker Freelance vid\u00e9aste de Six-Fours les plages, j&rsquo;agis dans le var : [&hellip;]<\/p>\n","protected":false},"author":1,"featured_media":0,"parent":45,"menu_order":0,"comment_status":"closed","ping_status":"closed","template":"page-home.php","meta":{"saved_in_kubio":false},"yoast_head":"<!-- This site is optimized with the Yoast SEO plugin v20.7 - https:\/\/yoast.com\/wordpress\/plugins\/seo\/ -->\n<title>Accueil &ndash; Steven Robin<\/title>\n<meta name=\"description\" content=\"R\u00e9alisateur ind\u00e9pendant agissant dans le sud de la France. Vid\u00e9aste professionnel en freelance depuis plusieurs ann\u00e9es.\" \/>\n<meta name=\"robots\" content=\"index, follow, max-snippet:-1, max-image-preview:large, max-video-preview:-1\" \/>\n<link rel=\"canonical\" href=\"https:\/\/stevenrobin.fr\/\" \/>\n<meta property=\"og:locale\" content=\"fr_FR\" \/>\n<meta property=\"og:type\" content=\"article\" \/>\n<meta property=\"og:title\" content=\"Accueil &ndash; Steven Robin\" \/>\n<meta property=\"og:description\" content=\"R\u00e9alisateur ind\u00e9pendant agissant dans le sud de la France. Vid\u00e9aste professionnel en freelance depuis plusieurs ann\u00e9es.\" \/>\n<meta property=\"og:url\" content=\"https:\/\/stevenrobin.fr\/\" \/>\n<meta property=\"og:site_name\" content=\"Steven Robin\" \/>\n<meta property=\"article:modified_time\" content=\"2025-11-04T13:44:17+00:00\" \/>\n<meta name=\"twitter:card\" content=\"summary_large_image\" \/>\n<meta name=\"twitter:label1\" content=\"Dur\u00e9e de lecture estim\u00e9e\" \/>\n\t<meta name=\"twitter:data1\" content=\"1 minute\" \/>\n<script type=\"application\/ld+json\" class=\"yoast-schema-graph\">{\"@context\":\"https:\/\/schema.org\",\"@graph\":[{\"@type\":\"WebPage\",\"@id\":\"https:\/\/stevenrobin.fr\/\",\"url\":\"https:\/\/stevenrobin.fr\/\",\"name\":\"Accueil &ndash; Steven Robin\",\"isPartOf\":{\"@id\":\"https:\/\/stevenrobin.fr\/#website\"},\"datePublished\":\"2019-04-06T22:42:01+00:00\",\"dateModified\":\"2025-11-04T13:44:17+00:00\",\"description\":\"R\u00e9alisateur ind\u00e9pendant agissant dans le sud de la France. Vid\u00e9aste professionnel en freelance depuis plusieurs ann\u00e9es.\",\"breadcrumb\":{\"@id\":\"https:\/\/stevenrobin.fr\/#breadcrumb\"},\"inLanguage\":\"fr-FR\",\"potentialAction\":[{\"@type\":\"ReadAction\",\"target\":[\"https:\/\/stevenrobin.fr\/\"]}]},{\"@type\":\"BreadcrumbList\",\"@id\":\"https:\/\/stevenrobin.fr\/#breadcrumb\",\"itemListElement\":[{\"@type\":\"ListItem\",\"position\":1,\"name\":\"Accueil\",\"item\":\"https:\/\/stevenrobin.fr\/\"},{\"@type\":\"ListItem\",\"position\":2,\"name\":\"Site en construction\",\"item\":\"https:\/\/stevenrobin.fr\/index.php\/desole\/\"},{\"@type\":\"ListItem\",\"position\":3,\"name\":\"Accueil\"}]},{\"@type\":\"WebSite\",\"@id\":\"https:\/\/stevenrobin.fr\/#website\",\"url\":\"https:\/\/stevenrobin.fr\/\",\"name\":\"Steven Robin\",\"description\":\"R\u00e9alisateur freelance\",\"publisher\":{\"@id\":\"https:\/\/stevenrobin.fr\/#\/schema\/person\/623e6d93c287cad312674f3e097ddd3a\"},\"potentialAction\":[{\"@type\":\"SearchAction\",\"target\":{\"@type\":\"EntryPoint\",\"urlTemplate\":\"https:\/\/stevenrobin.fr\/?s={search_term_string}\"},\"query-input\":\"required name=search_term_string\"}],\"inLanguage\":\"fr-FR\"},{\"@type\":[\"Person\",\"Organization\"],\"@id\":\"https:\/\/stevenrobin.fr\/#\/schema\/person\/623e6d93c287cad312674f3e097ddd3a\",\"name\":\"eiixio\",\"image\":{\"@type\":\"ImageObject\",\"inLanguage\":\"fr-FR\",\"@id\":\"https:\/\/stevenrobin.fr\/#\/schema\/person\/image\/\",\"url\":\"https:\/\/secure.gravatar.com\/avatar\/b4409090378ce131415fdf2e814150fa?s=96&d=mm&r=g\",\"contentUrl\":\"https:\/\/secure.gravatar.com\/avatar\/b4409090378ce131415fdf2e814150fa?s=96&d=mm&r=g\",\"caption\":\"eiixio\"},\"logo\":{\"@id\":\"https:\/\/stevenrobin.fr\/#\/schema\/person\/image\/\"}}]}<\/script>\n<!-- \/ Yoast SEO plugin. -->","yoast_head_json":{"title":"Accueil &ndash; Steven Robin","description":"R\u00e9alisateur ind\u00e9pendant agissant dans le sud de la France. Vid\u00e9aste professionnel en freelance depuis plusieurs ann\u00e9es.","robots":{"index":"index","follow":"follow","max-snippet":"max-snippet:-1","max-image-preview":"max-image-preview:large","max-video-preview":"max-video-preview:-1"},"canonical":"https:\/\/stevenrobin.fr\/","og_locale":"fr_FR","og_type":"article","og_title":"Accueil &ndash; Steven Robin","og_description":"R\u00e9alisateur ind\u00e9pendant agissant dans le sud de la France. Vid\u00e9aste professionnel en freelance depuis plusieurs ann\u00e9es.","og_url":"https:\/\/stevenrobin.fr\/","og_site_name":"Steven Robin","article_modified_time":"2025-11-04T13:44:17+00:00","twitter_card":"summary_large_image","twitter_misc":{"Dur\u00e9e de lecture estim\u00e9e":"1 minute"},"schema":{"@context":"https:\/\/schema.org","@graph":[{"@type":"WebPage","@id":"https:\/\/stevenrobin.fr\/","url":"https:\/\/stevenrobin.fr\/","name":"Accueil &ndash; Steven Robin","isPartOf":{"@id":"https:\/\/stevenrobin.fr\/#website"},"datePublished":"2019-04-06T22:42:01+00:00","dateModified":"2025-11-04T13:44:17+00:00","description":"R\u00e9alisateur ind\u00e9pendant agissant dans le sud de la France. Vid\u00e9aste professionnel en freelance depuis plusieurs ann\u00e9es.","breadcrumb":{"@id":"https:\/\/stevenrobin.fr\/#breadcrumb"},"inLanguage":"fr-FR","potentialAction":[{"@type":"ReadAction","target":["https:\/\/stevenrobin.fr\/"]}]},{"@type":"BreadcrumbList","@id":"https:\/\/stevenrobin.fr\/#breadcrumb","itemListElement":[{"@type":"ListItem","position":1,"name":"Accueil","item":"https:\/\/stevenrobin.fr\/"},{"@type":"ListItem","position":2,"name":"Site en construction","item":"https:\/\/stevenrobin.fr\/index.php\/desole\/"},{"@type":"ListItem","position":3,"name":"Accueil"}]},{"@type":"WebSite","@id":"https:\/\/stevenrobin.fr\/#website","url":"https:\/\/stevenrobin.fr\/","name":"Steven Robin","description":"R\u00e9alisateur freelance","publisher":{"@id":"https:\/\/stevenrobin.fr\/#\/schema\/person\/623e6d93c287cad312674f3e097ddd3a"},"potentialAction":[{"@type":"SearchAction","target":{"@type":"EntryPoint","urlTemplate":"https:\/\/stevenrobin.fr\/?s={search_term_string}"},"query-input":"required name=search_term_string"}],"inLanguage":"fr-FR"},{"@type":["Person","Organization"],"@id":"https:\/\/stevenrobin.fr\/#\/schema\/person\/623e6d93c287cad312674f3e097ddd3a","name":"eiixio","image":{"@type":"ImageObject","inLanguage":"fr-FR","@id":"https:\/\/stevenrobin.fr\/#\/schema\/person\/image\/","url":"https:\/\/secure.gravatar.com\/avatar\/b4409090378ce131415fdf2e814150fa?s=96&d=mm&r=g","contentUrl":"https:\/\/secure.gravatar.com\/avatar\/b4409090378ce131415fdf2e814150fa?s=96&d=mm&r=g","caption":"eiixio"},"logo":{"@id":"https:\/\/stevenrobin.fr\/#\/schema\/person\/image\/"}}]}},"_links":{"self":[{"href":"https:\/\/stevenrobin.fr\/index.php\/wp-json\/wp\/v2\/pages\/49"}],"collection":[{"href":"https:\/\/stevenrobin.fr\/index.php\/wp-json\/wp\/v2\/pages"}],"about":[{"href":"https:\/\/stevenrobin.fr\/index.php\/wp-json\/wp\/v2\/types\/page"}],"author":[{"embeddable":true,"href":"https:\/\/stevenrobin.fr\/index.php\/wp-json\/wp\/v2\/users\/1"}],"replies":[{"embeddable":true,"href":"https:\/\/stevenrobin.fr\/index.php\/wp-json\/wp\/v2\/comments?post=49"}],"version-history":[{"count":7,"href":"https:\/\/stevenrobin.fr\/index.php\/wp-json\/wp\/v2\/pages\/49\/revisions"}],"predecessor-version":[{"id":374,"href":"https:\/\/stevenrobin.fr\/index.php\/wp-json\/wp\/v2\/pages\/49\/revisions\/374"}],"up":[{"embeddable":true,"href":"https:\/\/stevenrobin.fr\/index.php\/wp-json\/wp\/v2\/pages\/45"}],"wp:attachment":[{"href":"https:\/\/stevenrobin.fr\/index.php\/wp-json\/wp\/v2\/media?parent=49"}],"curies":[{"name":"wp","href":"https:\/\/api.w.org\/{rel}","templated":true}]}}